{"id":6060,"date":"2025-07-17T14:37:56","date_gmt":"2025-07-17T12:37:56","guid":{"rendered":"https:\/\/melea.hu\/?page_id=6060"},"modified":"2025-10-10T09:32:51","modified_gmt":"2025-10-10T07:32:51","slug":"konferenzen-und-meetings","status":"publish","type":"page","link":"https:\/\/melea.hu\/de\/konferenzen-und-meetings\/","title":{"rendered":"Konferenzen und Meetings"},"content":{"rendered":"","protected":false},"excerpt":{"rendered":"","protected":false},"author":1,"featured_media":0,"parent":0,"menu_order":34,"comment_status":"closed","ping_status":"closed","template":"","meta":{"_acf_changed":false,"protect_children":false,"iawp_total_views":29,"footnotes":""},"class_list":["post-6060","page","type-page","status-publish","hentry"],"acf":[],"yoast_head":"<!-- This site is optimized with the Yoast SEO Premium plugin v26.7 (Yoast SEO v26.7) - https:\/\/yoast.com\/wordpress\/plugins\/seo\/ -->\n<title>Konferenci\u00e1k \u00e9s meetingek - Melea \u2013 The Health Concept Hotel<\/title>\n<meta name=\"description\" content=\"A Melea nem csup\u00e1n egy helysz\u00edn, hanem egy komplex \u00e9lm\u00e9ny, amely \u00f6tv\u00f6zi a professzion\u00e1lis \u00fczleti k\u00f6rnyezetet a testi-lelki meg\u00fajul\u00e1s lehet\u0151s\u00e9g\u00e9vel. \u00edgy garant\u00e1lva, hogy a konferenci\u00e1k \u00e9s meetingek val\u00f3ban eml\u00e9kezetesek \u00e9s sikeresek legyenek.\" \/>\n<meta name=\"robots\" content=\"index, follow, max-snippet:-1, max-image-preview:large, max-video-preview:-1\" \/>\n<link rel=\"canonical\" href=\"https:\/\/melea.hu\/de\/konferenzen-und-meetings\/\" \/>\n<meta property=\"og:locale\" content=\"de_DE\" \/>\n<meta property=\"og:type\" content=\"article\" \/>\n<meta property=\"og:title\" content=\"Konferenci\u00e1k \u00e9s meetingek\" \/>\n<meta property=\"og:description\" content=\"A Melea nem csup\u00e1n egy helysz\u00edn, hanem egy komplex \u00e9lm\u00e9ny, amely \u00f6tv\u00f6zi a professzion\u00e1lis \u00fczleti k\u00f6rnyezetet a testi-lelki meg\u00fajul\u00e1s lehet\u0151s\u00e9g\u00e9vel. \u00edgy garant\u00e1lva, hogy a konferenci\u00e1k \u00e9s meetingek val\u00f3ban eml\u00e9kezetesek \u00e9s sikeresek legyenek.\" \/>\n<meta property=\"og:url\" content=\"https:\/\/melea.hu\/de\/konferenzen-und-meetings\/\" \/>\n<meta property=\"og:site_name\" content=\"Melea \u2013 The Health Concept Hotel\" \/>\n<meta property=\"article:publisher\" content=\"https:\/\/www.facebook.com\/MeleaTheHealthConceptHotel\/\" \/>\n<meta property=\"article:modified_time\" content=\"2025-10-10T07:32:51+00:00\" \/>\n<meta property=\"og:image\" content=\"https:\/\/melea.hu\/wp-content\/uploads\/2025\/06\/Melea_The-Health-Concept_facebook.jpg\" \/>\n\t<meta property=\"og:image:width\" content=\"1200\" \/>\n\t<meta property=\"og:image:height\" content=\"630\" \/>\n\t<meta property=\"og:image:type\" content=\"image\/jpeg\" \/>\n<meta name=\"twitter:card\" content=\"summary_large_image\" \/>\n<meta name=\"twitter:label1\" content=\"Gesch\u00e4tzte Lesezeit\" \/>\n\t<meta name=\"twitter:data1\" content=\"3\u00a0Minuten\" \/>\n<script type=\"application\/ld+json\" class=\"yoast-schema-graph\">{\"@context\":\"https:\/\/schema.org\",\"@graph\":[{\"@type\":\"WebPage\",\"@id\":\"https:\/\/melea.hu\/konferenciak-es-meetingek\/\",\"url\":\"https:\/\/melea.hu\/konferenciak-es-meetingek\/\",\"name\":\"Konferenci\u00e1k \u00e9s meetingek - Melea \u2013 The Health Concept Hotel\",\"isPartOf\":{\"@id\":\"https:\/\/melea.hu\/#website\"},\"datePublished\":\"2025-07-17T12:37:56+00:00\",\"dateModified\":\"2025-10-10T07:32:51+00:00\",\"description\":\"A Melea nem csup\u00e1n egy helysz\u00edn, hanem egy komplex \u00e9lm\u00e9ny, amely \u00f6tv\u00f6zi a professzion\u00e1lis \u00fczleti k\u00f6rnyezetet a testi-lelki meg\u00fajul\u00e1s lehet\u0151s\u00e9g\u00e9vel. \u00edgy garant\u00e1lva, hogy a konferenci\u00e1k \u00e9s meetingek val\u00f3ban eml\u00e9kezetesek \u00e9s sikeresek legyenek.\",\"breadcrumb\":{\"@id\":\"https:\/\/melea.hu\/konferenciak-es-meetingek\/#breadcrumb\"},\"inLanguage\":\"de\",\"potentialAction\":[{\"@type\":\"ReadAction\",\"target\":[\"https:\/\/melea.hu\/konferenciak-es-meetingek\/\"]}]},{\"@type\":\"BreadcrumbList\",\"@id\":\"https:\/\/melea.hu\/konferenciak-es-meetingek\/#breadcrumb\",\"itemListElement\":[{\"@type\":\"ListItem\",\"position\":1,\"name\":\"Home\",\"item\":\"https:\/\/melea.hu\/\"},{\"@type\":\"ListItem\",\"position\":2,\"name\":\"Konferenci\u00e1k \u00e9s meetingek\"}]},{\"@type\":\"WebSite\",\"@id\":\"https:\/\/melea.hu\/#website\",\"url\":\"https:\/\/melea.hu\/\",\"name\":\"Melea \u2013 The Health Concept Hotel\",\"description\":\"A Melea az eg\u00e9szs\u00e9g \u00e9s sz\u00e9ps\u00e9g kulcsa\",\"publisher\":{\"@id\":\"https:\/\/melea.hu\/#organization\"},\"potentialAction\":[{\"@type\":\"SearchAction\",\"target\":{\"@type\":\"EntryPoint\",\"urlTemplate\":\"https:\/\/melea.hu\/?s={search_term_string}\"},\"query-input\":{\"@type\":\"PropertyValueSpecification\",\"valueRequired\":true,\"valueName\":\"search_term_string\"}}],\"inLanguage\":\"de\"},{\"@type\":\"Organization\",\"@id\":\"https:\/\/melea.hu\/#organization\",\"name\":\"Melea \u2013 The Health Concept Hotel\",\"url\":\"https:\/\/melea.hu\/\",\"logo\":{\"@type\":\"ImageObject\",\"inLanguage\":\"de\",\"@id\":\"https:\/\/melea.hu\/#\/schema\/logo\/image\/\",\"url\":\"https:\/\/melea.hu\/wp-content\/uploads\/2025\/06\/melea-logo.jpg\",\"contentUrl\":\"https:\/\/melea.hu\/wp-content\/uploads\/2025\/06\/melea-logo.jpg\",\"width\":112,\"height\":112,\"caption\":\"Melea \u2013 The Health Concept Hotel\"},\"image\":{\"@id\":\"https:\/\/melea.hu\/#\/schema\/logo\/image\/\"},\"sameAs\":[\"https:\/\/www.facebook.com\/MeleaTheHealthConceptHotel\/\",\"https:\/\/www.instagram.com\/melea_health\/\",\"https:\/\/www.youtube.com\/@Melea_TheHealthConcept\"],\"email\":\"reservation@melea.hu\",\"telephone\":\"+36 95 523 900\",\"legalName\":\"UNIONE S\u00e1rv\u00e1r Kft.\",\"foundingDate\":\"1990-01-01\",\"vatID\":\"HU10400645\",\"taxID\":\"10400645-2-43\",\"numberOfEmployees\":{\"@type\":\"QuantitativeValue\",\"minValue\":\"51\",\"maxValue\":\"200\"}}]}<\/script>\n<!-- \/ Yoast SEO Premium plugin. -->","yoast_head_json":{"title":"Konferenzen und Meetings - Melea \u2013 The Health Concept Hotel","description":"Melea ist nicht nur ein Veranstaltungsort, sondern ein komplexes Erlebnis, das die professionelle Gesch\u00e4ftsumgebung mit der M\u00f6glichkeit der k\u00f6rperlichen und seelischen Erneuerung verbindet. Damit wird garantiert, dass Konferenzen und Meetings wirklich unvergesslich und erfolgreich sind.","robots":{"index":"index","follow":"follow","max-snippet":"max-snippet:-1","max-image-preview":"max-image-preview:large","max-video-preview":"max-video-preview:-1"},"canonical":"https:\/\/melea.hu\/de\/konferenzen-und-meetings\/","og_locale":"de_DE","og_type":"article","og_title":"Konferenci\u00e1k \u00e9s meetingek","og_description":"A Melea nem csup\u00e1n egy helysz\u00edn, hanem egy komplex \u00e9lm\u00e9ny, amely \u00f6tv\u00f6zi a professzion\u00e1lis \u00fczleti k\u00f6rnyezetet a testi-lelki meg\u00fajul\u00e1s lehet\u0151s\u00e9g\u00e9vel. \u00edgy garant\u00e1lva, hogy a konferenci\u00e1k \u00e9s meetingek val\u00f3ban eml\u00e9kezetesek \u00e9s sikeresek legyenek.","og_url":"https:\/\/melea.hu\/de\/konferenzen-und-meetings\/","og_site_name":"Melea \u2013 The Health Concept Hotel","article_publisher":"https:\/\/www.facebook.com\/MeleaTheHealthConceptHotel\/","article_modified_time":"2025-10-10T07:32:51+00:00","og_image":[{"width":1200,"height":630,"url":"https:\/\/melea.hu\/wp-content\/uploads\/2025\/06\/Melea_The-Health-Concept_facebook.jpg","type":"image\/jpeg"}],"twitter_card":"summary_large_image","twitter_misc":{"Gesch\u00e4tzte Lesezeit":"3\u00a0Minuten"},"schema":{"@context":"https:\/\/schema.org","@graph":[{"@type":"WebPage","@id":"https:\/\/melea.hu\/konferenciak-es-meetingek\/","url":"https:\/\/melea.hu\/konferenciak-es-meetingek\/","name":"Konferenzen und Meetings - Melea \u2013 The Health Concept Hotel","isPartOf":{"@id":"https:\/\/melea.hu\/#website"},"datePublished":"2025-07-17T12:37:56+00:00","dateModified":"2025-10-10T07:32:51+00:00","description":"Melea ist nicht nur ein Veranstaltungsort, sondern ein komplexes Erlebnis, das die professionelle Gesch\u00e4ftsumgebung mit der M\u00f6glichkeit der k\u00f6rperlichen und seelischen Erneuerung verbindet. Damit wird garantiert, dass Konferenzen und Meetings wirklich unvergesslich und erfolgreich sind.","breadcrumb":{"@id":"https:\/\/melea.hu\/konferenciak-es-meetingek\/#breadcrumb"},"inLanguage":"de","potentialAction":[{"@type":"ReadAction","target":["https:\/\/melea.hu\/konferenciak-es-meetingek\/"]}]},{"@type":"BreadcrumbList","@id":"https:\/\/melea.hu\/konferenciak-es-meetingek\/#breadcrumb","itemListElement":[{"@type":"ListItem","position":1,"name":"Home","item":"https:\/\/melea.hu\/"},{"@type":"ListItem","position":2,"name":"Konferenci\u00e1k \u00e9s meetingek"}]},{"@type":"WebSite","@id":"https:\/\/melea.hu\/#website","url":"https:\/\/melea.hu\/","name":"Melea \u2013 Das Gesundheitskonzept-Hotel","description":"Melea ist der Schl\u00fcssel zu Gesundheit und Sch\u00f6nheit.","publisher":{"@id":"https:\/\/melea.hu\/#organization"},"potentialAction":[{"@type":"SearchAction","target":{"@type":"EntryPoint","urlTemplate":"https:\/\/melea.hu\/?s={search_term_string}"},"query-input":{"@type":"PropertyValueSpecification","valueRequired":true,"valueName":"search_term_string"}}],"inLanguage":"de"},{"@type":"Organization","@id":"https:\/\/melea.hu\/#organization","name":"Melea \u2013 Das Gesundheitskonzept-Hotel","url":"https:\/\/melea.hu\/","logo":{"@type":"ImageObject","inLanguage":"de","@id":"https:\/\/melea.hu\/#\/schema\/logo\/image\/","url":"https:\/\/melea.hu\/wp-content\/uploads\/2025\/06\/melea-logo.jpg","contentUrl":"https:\/\/melea.hu\/wp-content\/uploads\/2025\/06\/melea-logo.jpg","width":112,"height":112,"caption":"Melea \u2013 The Health Concept Hotel"},"image":{"@id":"https:\/\/melea.hu\/#\/schema\/logo\/image\/"},"sameAs":["https:\/\/www.facebook.com\/MeleaTheHealthConceptHotel\/","https:\/\/www.instagram.com\/melea_health\/","https:\/\/www.youtube.com\/@Melea_TheHealthConcept"],"email":"reservation@melea.hu","telephone":"+36 95 523 900","legalName":"UNIONE S\u00e1rv\u00e1r Kft.","foundingDate":"1990-01-01","vatID":"HU10400645","taxID":"10400645-2-43","numberOfEmployees":{"@type":"QuantitativeValue","minValue":"51","maxValue":"200"}}]}},"publishpress_future_workflow_manual_trigger":{"enabledWorkflows":[]},"_links":{"self":[{"href":"https:\/\/melea.hu\/de\/wp-json\/wp\/v2\/pages\/6060","targetHints":{"allow":["GET"]}}],"collection":[{"href":"https:\/\/melea.hu\/de\/wp-json\/wp\/v2\/pages"}],"about":[{"href":"https:\/\/melea.hu\/de\/wp-json\/wp\/v2\/types\/page"}],"author":[{"embeddable":true,"href":"https:\/\/melea.hu\/de\/wp-json\/wp\/v2\/users\/1"}],"replies":[{"embeddable":true,"href":"https:\/\/melea.hu\/de\/wp-json\/wp\/v2\/comments?post=6060"}],"version-history":[{"count":48,"href":"https:\/\/melea.hu\/de\/wp-json\/wp\/v2\/pages\/6060\/revisions"}],"predecessor-version":[{"id":6467,"href":"https:\/\/melea.hu\/de\/wp-json\/wp\/v2\/pages\/6060\/revisions\/6467"}],"wp:attachment":[{"href":"https:\/\/melea.hu\/de\/wp-json\/wp\/v2\/media?parent=6060"}],"curies":[{"name":"wp","href":"https:\/\/api.w.org\/{rel}","templated":true}]}}