{"id":7225,"date":"2025-11-27T11:43:57","date_gmt":"2025-11-27T10:43:57","guid":{"rendered":"https:\/\/melea.hu\/?page_id=7225"},"modified":"2025-12-01T06:39:16","modified_gmt":"2025-12-01T05:39:16","slug":"black-friday-gutscheine","status":"publish","type":"page","link":"https:\/\/melea.hu\/de\/black-friday-gutscheine\/","title":{"rendered":"Black Friday  Gutscheine"},"content":{"rendered":"","protected":false},"excerpt":{"rendered":"","protected":false},"author":1,"featured_media":0,"parent":0,"menu_order":6,"comment_status":"closed","ping_status":"closed","template":"","meta":{"_acf_changed":false,"protect_children":false,"iawp_total_views":2002,"footnotes":""},"class_list":["post-7225","page","type-page","status-publish","hentry"],"acf":[],"yoast_head":"<!-- This site is optimized with the Yoast SEO Premium plugin v26.7 (Yoast SEO v26.7) - https:\/\/yoast.com\/wordpress\/plugins\/seo\/ -->\n<title>Black Friday aj\u00e1nlatok - Melea \u2013 The Health Concept Hotel<\/title>\n<meta name=\"robots\" content=\"index, follow, max-snippet:-1, max-image-preview:large, max-video-preview:-1\" \/>\n<link rel=\"canonical\" href=\"https:\/\/melea.hu\/de\/black-friday-gutscheine\/\" \/>\n<meta property=\"og:locale\" content=\"de_DE\" \/>\n<meta property=\"og:type\" content=\"article\" \/>\n<meta property=\"og:title\" content=\"Black Friday aj\u00e1nlatok\" \/>\n<meta property=\"og:url\" content=\"https:\/\/melea.hu\/de\/black-friday-gutscheine\/\" \/>\n<meta property=\"og:site_name\" content=\"Melea \u2013 The Health Concept Hotel\" \/>\n<meta property=\"article:publisher\" content=\"https:\/\/www.facebook.com\/MeleaTheHealthConceptHotel\/\" \/>\n<meta property=\"article:modified_time\" content=\"2025-12-01T05:39:16+00:00\" \/>\n<meta property=\"og:image\" content=\"https:\/\/melea.hu\/wp-content\/uploads\/2025\/06\/Melea_The-Health-Concept_facebook.jpg\" \/>\n\t<meta property=\"og:image:width\" content=\"1200\" \/>\n\t<meta property=\"og:image:height\" content=\"630\" \/>\n\t<meta property=\"og:image:type\" content=\"image\/jpeg\" \/>\n<meta name=\"twitter:card\" content=\"summary_large_image\" \/>\n<script type=\"application\/ld+json\" class=\"yoast-schema-graph\">{\"@context\":\"https:\/\/schema.org\",\"@graph\":[{\"@type\":\"WebPage\",\"@id\":\"https:\/\/melea.hu\/black-friday-ajanlatok\/\",\"url\":\"https:\/\/melea.hu\/black-friday-ajanlatok\/\",\"name\":\"Black Friday aj\u00e1nlatok - Melea \u2013 The Health Concept Hotel\",\"isPartOf\":{\"@id\":\"https:\/\/melea.hu\/#website\"},\"datePublished\":\"2025-11-27T10:43:57+00:00\",\"dateModified\":\"2025-12-01T05:39:16+00:00\",\"breadcrumb\":{\"@id\":\"https:\/\/melea.hu\/black-friday-ajanlatok\/#breadcrumb\"},\"inLanguage\":\"de\",\"potentialAction\":[{\"@type\":\"ReadAction\",\"target\":[\"https:\/\/melea.hu\/black-friday-ajanlatok\/\"]}]},{\"@type\":\"BreadcrumbList\",\"@id\":\"https:\/\/melea.hu\/black-friday-ajanlatok\/#breadcrumb\",\"itemListElement\":[{\"@type\":\"ListItem\",\"position\":1,\"name\":\"Home\",\"item\":\"https:\/\/melea.hu\/\"},{\"@type\":\"ListItem\",\"position\":2,\"name\":\"Black Friday aj\u00e1nlatok\"}]},{\"@type\":\"WebSite\",\"@id\":\"https:\/\/melea.hu\/#website\",\"url\":\"https:\/\/melea.hu\/\",\"name\":\"Melea \u2013 The Health Concept Hotel\",\"description\":\"A Melea az eg\u00e9szs\u00e9g \u00e9s sz\u00e9ps\u00e9g kulcsa\",\"publisher\":{\"@id\":\"https:\/\/melea.hu\/#organization\"},\"potentialAction\":[{\"@type\":\"SearchAction\",\"target\":{\"@type\":\"EntryPoint\",\"urlTemplate\":\"https:\/\/melea.hu\/?s={search_term_string}\"},\"query-input\":{\"@type\":\"PropertyValueSpecification\",\"valueRequired\":true,\"valueName\":\"search_term_string\"}}],\"inLanguage\":\"de\"},{\"@type\":\"Organization\",\"@id\":\"https:\/\/melea.hu\/#organization\",\"name\":\"Melea \u2013 The Health Concept Hotel\",\"url\":\"https:\/\/melea.hu\/\",\"logo\":{\"@type\":\"ImageObject\",\"inLanguage\":\"de\",\"@id\":\"https:\/\/melea.hu\/#\/schema\/logo\/image\/\",\"url\":\"https:\/\/melea.hu\/wp-content\/uploads\/2025\/06\/melea-logo.jpg\",\"contentUrl\":\"https:\/\/melea.hu\/wp-content\/uploads\/2025\/06\/melea-logo.jpg\",\"width\":112,\"height\":112,\"caption\":\"Melea \u2013 The Health Concept Hotel\"},\"image\":{\"@id\":\"https:\/\/melea.hu\/#\/schema\/logo\/image\/\"},\"sameAs\":[\"https:\/\/www.facebook.com\/MeleaTheHealthConceptHotel\/\",\"https:\/\/www.instagram.com\/melea_health\/\",\"https:\/\/www.youtube.com\/@Melea_TheHealthConcept\"],\"email\":\"reservation@melea.hu\",\"telephone\":\"+36 95 523 900\",\"legalName\":\"UNIONE S\u00e1rv\u00e1r Kft.\",\"foundingDate\":\"1990-01-01\",\"vatID\":\"HU10400645\",\"taxID\":\"10400645-2-43\",\"numberOfEmployees\":{\"@type\":\"QuantitativeValue\",\"minValue\":\"51\",\"maxValue\":\"200\"}}]}<\/script>\n<!-- \/ Yoast SEO Premium plugin. -->","yoast_head_json":{"title":"Black Friday Gutscheine - Melea \u2013 The Health Concept Hotel","robots":{"index":"index","follow":"follow","max-snippet":"max-snippet:-1","max-image-preview":"max-image-preview:large","max-video-preview":"max-video-preview:-1"},"canonical":"https:\/\/melea.hu\/de\/black-friday-gutscheine\/","og_locale":"de_DE","og_type":"article","og_title":"Black Friday aj\u00e1nlatok","og_url":"https:\/\/melea.hu\/de\/black-friday-gutscheine\/","og_site_name":"Melea \u2013 The Health Concept Hotel","article_publisher":"https:\/\/www.facebook.com\/MeleaTheHealthConceptHotel\/","article_modified_time":"2025-12-01T05:39:16+00:00","og_image":[{"width":1200,"height":630,"url":"https:\/\/melea.hu\/wp-content\/uploads\/2025\/06\/Melea_The-Health-Concept_facebook.jpg","type":"image\/jpeg"}],"twitter_card":"summary_large_image","schema":{"@context":"https:\/\/schema.org","@graph":[{"@type":"WebPage","@id":"https:\/\/melea.hu\/black-friday-ajanlatok\/","url":"https:\/\/melea.hu\/black-friday-ajanlatok\/","name":"Black Friday Gutscheine - Melea \u2013 The Health Concept Hotel","isPartOf":{"@id":"https:\/\/melea.hu\/#website"},"datePublished":"2025-11-27T10:43:57+00:00","dateModified":"2025-12-01T05:39:16+00:00","breadcrumb":{"@id":"https:\/\/melea.hu\/black-friday-ajanlatok\/#breadcrumb"},"inLanguage":"de","potentialAction":[{"@type":"ReadAction","target":["https:\/\/melea.hu\/black-friday-ajanlatok\/"]}]},{"@type":"BreadcrumbList","@id":"https:\/\/melea.hu\/black-friday-ajanlatok\/#breadcrumb","itemListElement":[{"@type":"ListItem","position":1,"name":"Home","item":"https:\/\/melea.hu\/"},{"@type":"ListItem","position":2,"name":"Black Friday aj\u00e1nlatok"}]},{"@type":"WebSite","@id":"https:\/\/melea.hu\/#website","url":"https:\/\/melea.hu\/","name":"Melea \u2013 Das Gesundheitskonzept-Hotel","description":"Melea ist der Schl\u00fcssel zu Gesundheit und Sch\u00f6nheit.","publisher":{"@id":"https:\/\/melea.hu\/#organization"},"potentialAction":[{"@type":"SearchAction","target":{"@type":"EntryPoint","urlTemplate":"https:\/\/melea.hu\/?s={search_term_string}"},"query-input":{"@type":"PropertyValueSpecification","valueRequired":true,"valueName":"search_term_string"}}],"inLanguage":"de"},{"@type":"Organization","@id":"https:\/\/melea.hu\/#organization","name":"Melea \u2013 Das Gesundheitskonzept-Hotel","url":"https:\/\/melea.hu\/","logo":{"@type":"ImageObject","inLanguage":"de","@id":"https:\/\/melea.hu\/#\/schema\/logo\/image\/","url":"https:\/\/melea.hu\/wp-content\/uploads\/2025\/06\/melea-logo.jpg","contentUrl":"https:\/\/melea.hu\/wp-content\/uploads\/2025\/06\/melea-logo.jpg","width":112,"height":112,"caption":"Melea \u2013 The Health Concept Hotel"},"image":{"@id":"https:\/\/melea.hu\/#\/schema\/logo\/image\/"},"sameAs":["https:\/\/www.facebook.com\/MeleaTheHealthConceptHotel\/","https:\/\/www.instagram.com\/melea_health\/","https:\/\/www.youtube.com\/@Melea_TheHealthConcept"],"email":"reservation@melea.hu","telephone":"+36 95 523 900","legalName":"UNIONE S\u00e1rv\u00e1r Kft.","foundingDate":"1990-01-01","vatID":"HU10400645","taxID":"10400645-2-43","numberOfEmployees":{"@type":"QuantitativeValue","minValue":"51","maxValue":"200"}}]}},"publishpress_future_workflow_manual_trigger":{"enabledWorkflows":[]},"_links":{"self":[{"href":"https:\/\/melea.hu\/de\/wp-json\/wp\/v2\/pages\/7225","targetHints":{"allow":["GET"]}}],"collection":[{"href":"https:\/\/melea.hu\/de\/wp-json\/wp\/v2\/pages"}],"about":[{"href":"https:\/\/melea.hu\/de\/wp-json\/wp\/v2\/types\/page"}],"author":[{"embeddable":true,"href":"https:\/\/melea.hu\/de\/wp-json\/wp\/v2\/users\/1"}],"replies":[{"embeddable":true,"href":"https:\/\/melea.hu\/de\/wp-json\/wp\/v2\/comments?post=7225"}],"version-history":[{"count":10,"href":"https:\/\/melea.hu\/de\/wp-json\/wp\/v2\/pages\/7225\/revisions"}],"predecessor-version":[{"id":7245,"href":"https:\/\/melea.hu\/de\/wp-json\/wp\/v2\/pages\/7225\/revisions\/7245"}],"wp:attachment":[{"href":"https:\/\/melea.hu\/de\/wp-json\/wp\/v2\/media?parent=7225"}],"curies":[{"name":"wp","href":"https:\/\/api.w.org\/{rel}","templated":true}]}}