{"id":9,"date":"2025-04-21T16:22:41","date_gmt":"2025-04-21T16:22:41","guid":{"rendered":"https:\/\/melea.hu\/?page_id=9"},"modified":"2026-02-18T09:14:53","modified_gmt":"2026-02-18T08:14:53","slug":"homepage","status":"publish","type":"page","link":"https:\/\/melea.hu\/en\/","title":{"rendered":"Home"},"content":{"rendered":"","protected":false},"excerpt":{"rendered":"","protected":false},"author":1,"featured_media":0,"parent":0,"menu_order":9,"comment_status":"closed","ping_status":"closed","template":"","meta":{"_acf_changed":false,"protect_children":false,"iawp_total_views":149093,"footnotes":""},"class_list":["post-9","page","type-page","status-publish","hentry"],"acf":[],"yoast_head":"<!-- This site is optimized with the Yoast SEO Premium plugin v26.7 (Yoast SEO v26.7) - https:\/\/yoast.com\/wordpress\/plugins\/seo\/ -->\n<title>F\u0151oldal - Melea \u2013 The Health Concept Hotel<\/title>\n<meta name=\"description\" content=\"Ahol az orvostudom\u00e1ny, az \u0151si trad\u00edci\u00f3kon alapul\u00f3 gy\u00f3gy\u00e1szat, a holisztikus szeml\u00e9let, a tudatos gasztron\u00f3mia \u00e9s az idilli k\u00f6rnyezet tal\u00e1lkozik.\" \/>\n<meta name=\"robots\" content=\"index, follow, max-snippet:-1, max-image-preview:large, max-video-preview:-1\" \/>\n<link rel=\"canonical\" href=\"https:\/\/melea.hu\/en\/\" \/>\n<meta property=\"og:locale\" content=\"en_US\" \/>\n<meta property=\"og:type\" content=\"article\" \/>\n<meta property=\"og:title\" content=\"F\u0151oldal\" \/>\n<meta property=\"og:description\" content=\"Ahol az orvostudom\u00e1ny, az \u0151si trad\u00edci\u00f3kon alapul\u00f3 gy\u00f3gy\u00e1szat, a holisztikus szeml\u00e9let, a tudatos gasztron\u00f3mia \u00e9s az idilli k\u00f6rnyezet tal\u00e1lkozik.\" \/>\n<meta property=\"og:url\" content=\"https:\/\/melea.hu\/en\/\" \/>\n<meta property=\"og:site_name\" content=\"Melea \u2013 The Health Concept Hotel\" \/>\n<meta property=\"article:publisher\" content=\"https:\/\/www.facebook.com\/MeleaTheHealthConceptHotel\/\" \/>\n<meta property=\"article:modified_time\" content=\"2026-02-18T08:14:53+00:00\" \/>\n<meta property=\"og:image\" content=\"https:\/\/melea.hu\/wp-content\/uploads\/2025\/06\/Melea_The-Health-Concept_facebook.jpg\" \/>\n\t<meta property=\"og:image:width\" content=\"1200\" \/>\n\t<meta property=\"og:image:height\" content=\"630\" \/>\n\t<meta property=\"og:image:type\" content=\"image\/jpeg\" \/>\n<meta name=\"twitter:card\" content=\"summary_large_image\" \/>\n<meta name=\"twitter:label1\" content=\"Est. reading time\" \/>\n\t<meta name=\"twitter:data1\" content=\"5 minutes\" \/>\n<script type=\"application\/ld+json\" class=\"yoast-schema-graph\">{\"@context\":\"https:\/\/schema.org\",\"@graph\":[{\"@type\":\"WebPage\",\"@id\":\"https:\/\/melea.hu\/\",\"url\":\"https:\/\/melea.hu\/\",\"name\":\"F\u0151oldal - Melea \u2013 The Health Concept Hotel\",\"isPartOf\":{\"@id\":\"https:\/\/melea.hu\/#website\"},\"datePublished\":\"2025-04-21T16:22:41+00:00\",\"dateModified\":\"2026-02-18T08:14:53+00:00\",\"description\":\"Ahol az orvostudom\u00e1ny, az \u0151si trad\u00edci\u00f3kon alapul\u00f3 gy\u00f3gy\u00e1szat, a holisztikus szeml\u00e9let, a tudatos gasztron\u00f3mia \u00e9s az idilli k\u00f6rnyezet tal\u00e1lkozik.\",\"breadcrumb\":{\"@id\":\"https:\/\/melea.hu\/#breadcrumb\"},\"inLanguage\":\"en-US\",\"potentialAction\":[{\"@type\":\"ReadAction\",\"target\":[\"https:\/\/melea.hu\/\"]}]},{\"@type\":\"BreadcrumbList\",\"@id\":\"https:\/\/melea.hu\/#breadcrumb\",\"itemListElement\":[{\"@type\":\"ListItem\",\"position\":1,\"name\":\"Home\",\"item\":\"https:\/\/melea.hu\/\"},{\"@type\":\"ListItem\",\"position\":2,\"name\":\"F\u0151oldal\"}]},{\"@type\":\"WebSite\",\"@id\":\"https:\/\/melea.hu\/#website\",\"url\":\"https:\/\/melea.hu\/\",\"name\":\"Melea \u2013 The Health Concept Hotel\",\"description\":\"A Melea az eg\u00e9szs\u00e9g \u00e9s sz\u00e9ps\u00e9g kulcsa\",\"publisher\":{\"@id\":\"https:\/\/melea.hu\/#organization\"},\"potentialAction\":[{\"@type\":\"SearchAction\",\"target\":{\"@type\":\"EntryPoint\",\"urlTemplate\":\"https:\/\/melea.hu\/?s={search_term_string}\"},\"query-input\":{\"@type\":\"PropertyValueSpecification\",\"valueRequired\":true,\"valueName\":\"search_term_string\"}}],\"inLanguage\":\"en-US\"},{\"@type\":\"Organization\",\"@id\":\"https:\/\/melea.hu\/#organization\",\"name\":\"Melea \u2013 The Health Concept Hotel\",\"url\":\"https:\/\/melea.hu\/\",\"logo\":{\"@type\":\"ImageObject\",\"inLanguage\":\"en-US\",\"@id\":\"https:\/\/melea.hu\/#\/schema\/logo\/image\/\",\"url\":\"https:\/\/melea.hu\/wp-content\/uploads\/2025\/06\/melea-logo.jpg\",\"contentUrl\":\"https:\/\/melea.hu\/wp-content\/uploads\/2025\/06\/melea-logo.jpg\",\"width\":112,\"height\":112,\"caption\":\"Melea \u2013 The Health Concept Hotel\"},\"image\":{\"@id\":\"https:\/\/melea.hu\/#\/schema\/logo\/image\/\"},\"sameAs\":[\"https:\/\/www.facebook.com\/MeleaTheHealthConceptHotel\/\",\"https:\/\/www.instagram.com\/melea_health\/\",\"https:\/\/www.youtube.com\/@Melea_TheHealthConcept\"],\"email\":\"reservation@melea.hu\",\"telephone\":\"+36 95 523 900\",\"legalName\":\"UNIONE S\u00e1rv\u00e1r Kft.\",\"foundingDate\":\"1990-01-01\",\"vatID\":\"HU10400645\",\"taxID\":\"10400645-2-43\",\"numberOfEmployees\":{\"@type\":\"QuantitativeValue\",\"minValue\":\"51\",\"maxValue\":\"200\"}}]}<\/script>\n<!-- \/ Yoast SEO Premium plugin. -->","yoast_head_json":{"title":"Home - Melea \u2013 The Health Concept Hotel","description":"Where medicine, traditional healing based on ancient traditions, holistic perspective, conscious gastronomy, and idyllic environment meet.","robots":{"index":"index","follow":"follow","max-snippet":"max-snippet:-1","max-image-preview":"max-image-preview:large","max-video-preview":"max-video-preview:-1"},"canonical":"https:\/\/melea.hu\/en\/","og_locale":"en_US","og_type":"article","og_title":"F\u0151oldal","og_description":"Ahol az orvostudom\u00e1ny, az \u0151si trad\u00edci\u00f3kon alapul\u00f3 gy\u00f3gy\u00e1szat, a holisztikus szeml\u00e9let, a tudatos gasztron\u00f3mia \u00e9s az idilli k\u00f6rnyezet tal\u00e1lkozik.","og_url":"https:\/\/melea.hu\/en\/","og_site_name":"Melea \u2013 The Health Concept Hotel","article_publisher":"https:\/\/www.facebook.com\/MeleaTheHealthConceptHotel\/","article_modified_time":"2026-02-18T08:14:53+00:00","og_image":[{"width":1200,"height":630,"url":"https:\/\/melea.hu\/wp-content\/uploads\/2025\/06\/Melea_The-Health-Concept_facebook.jpg","type":"image\/jpeg"}],"twitter_card":"summary_large_image","twitter_misc":{"Est. reading time":"5 minutes"},"schema":{"@context":"https:\/\/schema.org","@graph":[{"@type":"WebPage","@id":"https:\/\/melea.hu\/","url":"https:\/\/melea.hu\/","name":"Home - Melea \u2013 The Health Concept Hotel","isPartOf":{"@id":"https:\/\/melea.hu\/#website"},"datePublished":"2025-04-21T16:22:41+00:00","dateModified":"2026-02-18T08:14:53+00:00","description":"Where medicine, traditional healing based on ancient traditions, holistic perspective, conscious gastronomy, and idyllic environment meet.","breadcrumb":{"@id":"https:\/\/melea.hu\/#breadcrumb"},"inLanguage":"en-US","potentialAction":[{"@type":"ReadAction","target":["https:\/\/melea.hu\/"]}]},{"@type":"BreadcrumbList","@id":"https:\/\/melea.hu\/#breadcrumb","itemListElement":[{"@type":"ListItem","position":1,"name":"Home","item":"https:\/\/melea.hu\/"},{"@type":"ListItem","position":2,"name":"F\u0151oldal"}]},{"@type":"WebSite","@id":"https:\/\/melea.hu\/#website","url":"https:\/\/melea.hu\/","name":"Melea \u2013 The Health Concept Hotel","description":"Melea is your key to optimal health and beauty.","publisher":{"@id":"https:\/\/melea.hu\/#organization"},"potentialAction":[{"@type":"SearchAction","target":{"@type":"EntryPoint","urlTemplate":"https:\/\/melea.hu\/?s={search_term_string}"},"query-input":{"@type":"PropertyValueSpecification","valueRequired":true,"valueName":"search_term_string"}}],"inLanguage":"en-US"},{"@type":"Organization","@id":"https:\/\/melea.hu\/#organization","name":"Melea \u2013 The Health Concept Hotel","url":"https:\/\/melea.hu\/","logo":{"@type":"ImageObject","inLanguage":"en-US","@id":"https:\/\/melea.hu\/#\/schema\/logo\/image\/","url":"https:\/\/melea.hu\/wp-content\/uploads\/2025\/06\/melea-logo.jpg","contentUrl":"https:\/\/melea.hu\/wp-content\/uploads\/2025\/06\/melea-logo.jpg","width":112,"height":112,"caption":"Melea \u2013 The Health Concept Hotel"},"image":{"@id":"https:\/\/melea.hu\/#\/schema\/logo\/image\/"},"sameAs":["https:\/\/www.facebook.com\/MeleaTheHealthConceptHotel\/","https:\/\/www.instagram.com\/melea_health\/","https:\/\/www.youtube.com\/@Melea_TheHealthConcept"],"email":"reservation@melea.hu","telephone":"+36 95 523 900","legalName":"UNIONE S\u00e1rv\u00e1r Kft.","foundingDate":"1990-01-01","vatID":"HU10400645","taxID":"10400645-2-43","numberOfEmployees":{"@type":"QuantitativeValue","minValue":"51","maxValue":"200"}}]}},"publishpress_future_workflow_manual_trigger":{"enabledWorkflows":[]},"_links":{"self":[{"href":"https:\/\/melea.hu\/en\/wp-json\/wp\/v2\/pages\/9","targetHints":{"allow":["GET"]}}],"collection":[{"href":"https:\/\/melea.hu\/en\/wp-json\/wp\/v2\/pages"}],"about":[{"href":"https:\/\/melea.hu\/en\/wp-json\/wp\/v2\/types\/page"}],"author":[{"embeddable":true,"href":"https:\/\/melea.hu\/en\/wp-json\/wp\/v2\/users\/1"}],"replies":[{"embeddable":true,"href":"https:\/\/melea.hu\/en\/wp-json\/wp\/v2\/comments?post=9"}],"version-history":[{"count":100,"href":"https:\/\/melea.hu\/en\/wp-json\/wp\/v2\/pages\/9\/revisions"}],"predecessor-version":[{"id":7902,"href":"https:\/\/melea.hu\/en\/wp-json\/wp\/v2\/pages\/9\/revisions\/7902"}],"wp:attachment":[{"href":"https:\/\/melea.hu\/en\/wp-json\/wp\/v2\/media?parent=9"}],"curies":[{"name":"wp","href":"https:\/\/api.w.org\/{rel}","templated":true}]}}