{"id":3528,"date":"2025-05-27T11:28:52","date_gmt":"2025-05-27T11:28:52","guid":{"rendered":"https:\/\/melea.hu\/?page_id=3528"},"modified":"2025-10-10T09:35:15","modified_gmt":"2025-10-10T07:35:15","slug":"modulov","status":"publish","type":"page","link":"https:\/\/melea.hu\/sk\/modulov\/","title":{"rendered":"Modulov"},"content":{"rendered":"","protected":false},"excerpt":{"rendered":"","protected":false},"author":1,"featured_media":0,"parent":0,"menu_order":39,"comment_status":"closed","ping_status":"closed","template":"","meta":{"_acf_changed":false,"protect_children":false,"iawp_total_views":1767,"footnotes":""},"class_list":["post-3528","page","type-page","status-publish","hentry"],"acf":[],"yoast_head":"<!-- This site is optimized with the Yoast SEO Premium plugin v26.7 (Yoast SEO v26.7) - https:\/\/yoast.com\/wordpress\/plugins\/seo\/ -->\n<title>Modulok - Melea \u2013 The Health Concept Hotel<\/title>\n<meta name=\"description\" content=\"A Mele\u00e1ban el\u00e9rhet\u0151, 2-3 pr\u00e9mium szolg\u00e1ltat\u00e1st tartalmaz\u00f3 modulok kedvez\u0151 \u00e1ron \u00e9rhet\u0151ek el \u00e9s r\u00f6videbb tart\u00f3zkod\u00e1s alatt is ig\u00e9nybe vehet\u0151ek.\" \/>\n<meta name=\"robots\" content=\"index, follow, max-snippet:-1, max-image-preview:large, max-video-preview:-1\" \/>\n<link rel=\"canonical\" href=\"https:\/\/melea.hu\/sk\/modulov\/\" \/>\n<meta property=\"og:locale\" content=\"sk_SK\" \/>\n<meta property=\"og:type\" content=\"article\" \/>\n<meta property=\"og:title\" content=\"Modulok\" \/>\n<meta property=\"og:description\" content=\"A Mele\u00e1ban el\u00e9rhet\u0151, 2-3 pr\u00e9mium szolg\u00e1ltat\u00e1st tartalmaz\u00f3 modulok kedvez\u0151 \u00e1ron \u00e9rhet\u0151ek el \u00e9s r\u00f6videbb tart\u00f3zkod\u00e1s alatt is ig\u00e9nybe vehet\u0151ek.\" \/>\n<meta property=\"og:url\" content=\"https:\/\/melea.hu\/sk\/modulov\/\" \/>\n<meta property=\"og:site_name\" content=\"Melea \u2013 The Health Concept Hotel\" \/>\n<meta property=\"article:publisher\" content=\"https:\/\/www.facebook.com\/MeleaTheHealthConceptHotel\/\" \/>\n<meta property=\"article:modified_time\" content=\"2025-10-10T07:35:15+00:00\" \/>\n<meta property=\"og:image\" content=\"https:\/\/melea.hu\/wp-content\/uploads\/2025\/06\/Melea_The-Health-Concept_facebook.jpg\" \/>\n\t<meta property=\"og:image:width\" content=\"1200\" \/>\n\t<meta property=\"og:image:height\" content=\"630\" \/>\n\t<meta property=\"og:image:type\" content=\"image\/jpeg\" \/>\n<meta name=\"twitter:card\" content=\"summary_large_image\" \/>\n<meta name=\"twitter:label1\" content=\"Predpokladan\u00fd \u010das \u010d\u00edtania\" \/>\n\t<meta name=\"twitter:data1\" content=\"4 min\u00faty\" \/>\n<script type=\"application\/ld+json\" class=\"yoast-schema-graph\">{\"@context\":\"https:\/\/schema.org\",\"@graph\":[{\"@type\":\"WebPage\",\"@id\":\"https:\/\/melea.hu\/modulok\/\",\"url\":\"https:\/\/melea.hu\/modulok\/\",\"name\":\"Modulok - Melea \u2013 The Health Concept Hotel\",\"isPartOf\":{\"@id\":\"https:\/\/melea.hu\/#website\"},\"datePublished\":\"2025-05-27T11:28:52+00:00\",\"dateModified\":\"2025-10-10T07:35:15+00:00\",\"description\":\"A Mele\u00e1ban el\u00e9rhet\u0151, 2-3 pr\u00e9mium szolg\u00e1ltat\u00e1st tartalmaz\u00f3 modulok kedvez\u0151 \u00e1ron \u00e9rhet\u0151ek el \u00e9s r\u00f6videbb tart\u00f3zkod\u00e1s alatt is ig\u00e9nybe vehet\u0151ek.\",\"breadcrumb\":{\"@id\":\"https:\/\/melea.hu\/modulok\/#breadcrumb\"},\"inLanguage\":\"sk-SK\",\"potentialAction\":[{\"@type\":\"ReadAction\",\"target\":[\"https:\/\/melea.hu\/modulok\/\"]}]},{\"@type\":\"BreadcrumbList\",\"@id\":\"https:\/\/melea.hu\/modulok\/#breadcrumb\",\"itemListElement\":[{\"@type\":\"ListItem\",\"position\":1,\"name\":\"Home\",\"item\":\"https:\/\/melea.hu\/\"},{\"@type\":\"ListItem\",\"position\":2,\"name\":\"Modulok\"}]},{\"@type\":\"WebSite\",\"@id\":\"https:\/\/melea.hu\/#website\",\"url\":\"https:\/\/melea.hu\/\",\"name\":\"Melea \u2013 The Health Concept Hotel\",\"description\":\"A Melea az eg\u00e9szs\u00e9g \u00e9s sz\u00e9ps\u00e9g kulcsa\",\"publisher\":{\"@id\":\"https:\/\/melea.hu\/#organization\"},\"potentialAction\":[{\"@type\":\"SearchAction\",\"target\":{\"@type\":\"EntryPoint\",\"urlTemplate\":\"https:\/\/melea.hu\/?s={search_term_string}\"},\"query-input\":{\"@type\":\"PropertyValueSpecification\",\"valueRequired\":true,\"valueName\":\"search_term_string\"}}],\"inLanguage\":\"sk-SK\"},{\"@type\":\"Organization\",\"@id\":\"https:\/\/melea.hu\/#organization\",\"name\":\"Melea \u2013 The Health Concept Hotel\",\"url\":\"https:\/\/melea.hu\/\",\"logo\":{\"@type\":\"ImageObject\",\"inLanguage\":\"sk-SK\",\"@id\":\"https:\/\/melea.hu\/#\/schema\/logo\/image\/\",\"url\":\"https:\/\/melea.hu\/wp-content\/uploads\/2025\/06\/melea-logo.jpg\",\"contentUrl\":\"https:\/\/melea.hu\/wp-content\/uploads\/2025\/06\/melea-logo.jpg\",\"width\":112,\"height\":112,\"caption\":\"Melea \u2013 The Health Concept Hotel\"},\"image\":{\"@id\":\"https:\/\/melea.hu\/#\/schema\/logo\/image\/\"},\"sameAs\":[\"https:\/\/www.facebook.com\/MeleaTheHealthConceptHotel\/\",\"https:\/\/www.instagram.com\/melea_health\/\",\"https:\/\/www.youtube.com\/@Melea_TheHealthConcept\"],\"email\":\"reservation@melea.hu\",\"telephone\":\"+36 95 523 900\",\"legalName\":\"UNIONE S\u00e1rv\u00e1r Kft.\",\"foundingDate\":\"1990-01-01\",\"vatID\":\"HU10400645\",\"taxID\":\"10400645-2-43\",\"numberOfEmployees\":{\"@type\":\"QuantitativeValue\",\"minValue\":\"51\",\"maxValue\":\"200\"}}]}<\/script>\n<!-- \/ Yoast SEO Premium plugin. -->","yoast_head_json":{"title":"Modulky - Melea \u2013 Hotel Zdravotn\u00e9ho Konceptu","description":"Na Mele\u00e1be s\u00fa dostupn\u00e9 moduly obsahuj\u00face 2-3 pr\u00e9miov\u00e9 slu\u017eby za v\u00fdhodn\u00fa cenu a m\u00f4\u017eu by\u0165 vyu\u017eit\u00e9 aj pri krat\u0161om pobyte.","robots":{"index":"index","follow":"follow","max-snippet":"max-snippet:-1","max-image-preview":"max-image-preview:large","max-video-preview":"max-video-preview:-1"},"canonical":"https:\/\/melea.hu\/sk\/modulov\/","og_locale":"sk_SK","og_type":"article","og_title":"Modulok","og_description":"A Mele\u00e1ban el\u00e9rhet\u0151, 2-3 pr\u00e9mium szolg\u00e1ltat\u00e1st tartalmaz\u00f3 modulok kedvez\u0151 \u00e1ron \u00e9rhet\u0151ek el \u00e9s r\u00f6videbb tart\u00f3zkod\u00e1s alatt is ig\u00e9nybe vehet\u0151ek.","og_url":"https:\/\/melea.hu\/sk\/modulov\/","og_site_name":"Melea \u2013 The Health Concept Hotel","article_publisher":"https:\/\/www.facebook.com\/MeleaTheHealthConceptHotel\/","article_modified_time":"2025-10-10T07:35:15+00:00","og_image":[{"width":1200,"height":630,"url":"https:\/\/melea.hu\/wp-content\/uploads\/2025\/06\/Melea_The-Health-Concept_facebook.jpg","type":"image\/jpeg"}],"twitter_card":"summary_large_image","twitter_misc":{"Predpokladan\u00fd \u010das \u010d\u00edtania":"4 min\u00faty"},"schema":{"@context":"https:\/\/schema.org","@graph":[{"@type":"WebPage","@id":"https:\/\/melea.hu\/modulok\/","url":"https:\/\/melea.hu\/modulok\/","name":"Modulky - Melea \u2013 Hotel Zdravotn\u00e9ho Konceptu","isPartOf":{"@id":"https:\/\/melea.hu\/#website"},"datePublished":"2025-05-27T11:28:52+00:00","dateModified":"2025-10-10T07:35:15+00:00","description":"Na Mele\u00e1be s\u00fa dostupn\u00e9 moduly obsahuj\u00face 2-3 pr\u00e9miov\u00e9 slu\u017eby za v\u00fdhodn\u00fa cenu a m\u00f4\u017eu by\u0165 vyu\u017eit\u00e9 aj pri krat\u0161om pobyte.","breadcrumb":{"@id":"https:\/\/melea.hu\/modulok\/#breadcrumb"},"inLanguage":"sk-SK","potentialAction":[{"@type":"ReadAction","target":["https:\/\/melea.hu\/modulok\/"]}]},{"@type":"BreadcrumbList","@id":"https:\/\/melea.hu\/modulok\/#breadcrumb","itemListElement":[{"@type":"ListItem","position":1,"name":"Home","item":"https:\/\/melea.hu\/"},{"@type":"ListItem","position":2,"name":"Modulok"}]},{"@type":"WebSite","@id":"https:\/\/melea.hu\/#website","url":"https:\/\/melea.hu\/","name":"Melea \u2013 Hotel Zdravotn\u00e9ho Konceptu","description":"Melea je k\u013e\u00fa\u010dom k zdraviu a kr\u00e1se","publisher":{"@id":"https:\/\/melea.hu\/#organization"},"potentialAction":[{"@type":"SearchAction","target":{"@type":"EntryPoint","urlTemplate":"https:\/\/melea.hu\/?s={search_term_string}"},"query-input":{"@type":"PropertyValueSpecification","valueRequired":true,"valueName":"search_term_string"}}],"inLanguage":"sk-SK"},{"@type":"Organization","@id":"https:\/\/melea.hu\/#organization","name":"Melea \u2013 Hotel Zdravotn\u00e9ho Konceptu","url":"https:\/\/melea.hu\/","logo":{"@type":"ImageObject","inLanguage":"sk-SK","@id":"https:\/\/melea.hu\/#\/schema\/logo\/image\/","url":"https:\/\/melea.hu\/wp-content\/uploads\/2025\/06\/melea-logo.jpg","contentUrl":"https:\/\/melea.hu\/wp-content\/uploads\/2025\/06\/melea-logo.jpg","width":112,"height":112,"caption":"Melea \u2013 The Health Concept Hotel"},"image":{"@id":"https:\/\/melea.hu\/#\/schema\/logo\/image\/"},"sameAs":["https:\/\/www.facebook.com\/MeleaTheHealthConceptHotel\/","https:\/\/www.instagram.com\/melea_health\/","https:\/\/www.youtube.com\/@Melea_TheHealthConcept"],"email":"reservation@melea.hu","telephone":"+36 95 523 900","legalName":"UNIONE S\u00e1rv\u00e1r Kft.","foundingDate":"1990-01-01","vatID":"HU10400645","taxID":"10400645-2-43","numberOfEmployees":{"@type":"QuantitativeValue","minValue":"51","maxValue":"200"}}]}},"publishpress_future_workflow_manual_trigger":{"enabledWorkflows":[]},"_links":{"self":[{"href":"https:\/\/melea.hu\/sk\/wp-json\/wp\/v2\/pages\/3528","targetHints":{"allow":["GET"]}}],"collection":[{"href":"https:\/\/melea.hu\/sk\/wp-json\/wp\/v2\/pages"}],"about":[{"href":"https:\/\/melea.hu\/sk\/wp-json\/wp\/v2\/types\/page"}],"author":[{"embeddable":true,"href":"https:\/\/melea.hu\/sk\/wp-json\/wp\/v2\/users\/1"}],"replies":[{"embeddable":true,"href":"https:\/\/melea.hu\/sk\/wp-json\/wp\/v2\/comments?post=3528"}],"version-history":[{"count":13,"href":"https:\/\/melea.hu\/sk\/wp-json\/wp\/v2\/pages\/3528\/revisions"}],"predecessor-version":[{"id":6480,"href":"https:\/\/melea.hu\/sk\/wp-json\/wp\/v2\/pages\/3528\/revisions\/6480"}],"wp:attachment":[{"href":"https:\/\/melea.hu\/sk\/wp-json\/wp\/v2\/media?parent=3528"}],"curies":[{"name":"wp","href":"https:\/\/api.w.org\/{rel}","templated":true}]}}